{"id":4858,"date":"2026-03-16T03:54:48","date_gmt":"2026-03-16T03:54:48","guid":{"rendered":"https:\/\/gdhpmachine.com\/?post_type=product&#038;p=4858"},"modified":"2026-04-13T01:58:25","modified_gmt":"2026-04-13T01:58:25","slug":"fully-automatic-high-speed-case-erector","status":"publish","type":"product","link":"https:\/\/gdhpmachine.com\/it\/product\/fully-automatic-high-speed-case-erector\/","title":{"rendered":"Erettore automatico ad alta velocit\u00e0 di casse completamente automatico per Alimentari, Bevande, Chimico, Farmaceutico, Cosmetico e Industria IVd"},"content":{"rendered":"","protected":false},"excerpt":{"rendered":"<p>Aumenta la produttivit\u00e0 con il nostro erettore di casse ad alta velocit\u00e0 completamente automatico. Formazione di scatole rapida, affidabile e senza soluzione di continuit\u00e0 per linee di confezionamento industriale ad alto volume.<\/p>","protected":false},"featured_media":4872,"comment_status":"open","ping_status":"closed","template":"","meta":[],"product_brand":[],"product_cat":[135,136],"product_tag":[200,199,198,201],"class_list":{"0":"post-4858","1":"product","2":"type-product","3":"status-publish","4":"has-post-thumbnail","6":"product_cat-case-opening-packing-and-sealing-machine","7":"product_cat-case-erector","8":"product_tag-chemical","9":"product_tag-daily-chemical","10":"product_tag-food","11":"product_tag-pharmaceutical","13":"first","14":"instock","15":"shipping-taxable","16":"product-type-simple"},"_links":{"self":[{"href":"https:\/\/gdhpmachine.com\/it\/wp-json\/wp\/v2\/product\/4858","targetHints":{"allow":["GET"]}}],"collection":[{"href":"https:\/\/gdhpmachine.com\/it\/wp-json\/wp\/v2\/product"}],"about":[{"href":"https:\/\/gdhpmachine.com\/it\/wp-json\/wp\/v2\/types\/product"}],"replies":[{"embeddable":true,"href":"https:\/\/gdhpmachine.com\/it\/wp-json\/wp\/v2\/comments?post=4858"}],"version-history":[{"count":18,"href":"https:\/\/gdhpmachine.com\/it\/wp-json\/wp\/v2\/product\/4858\/revisions"}],"predecessor-version":[{"id":6133,"href":"https:\/\/gdhpmachine.com\/it\/wp-json\/wp\/v2\/product\/4858\/revisions\/6133"}],"wp:featuredmedia":[{"embeddable":true,"href":"https:\/\/gdhpmachine.com\/it\/wp-json\/wp\/v2\/media\/4872"}],"wp:attachment":[{"href":"https:\/\/gdhpmachine.com\/it\/wp-json\/wp\/v2\/media?parent=4858"}],"wp:term":[{"taxonomy":"product_brand","embeddable":true,"href":"https:\/\/gdhpmachine.com\/it\/wp-json\/wp\/v2\/product_brand?post=4858"},{"taxonomy":"product_cat","embeddable":true,"href":"https:\/\/gdhpmachine.com\/it\/wp-json\/wp\/v2\/product_cat?post=4858"},{"taxonomy":"product_tag","embeddable":true,"href":"https:\/\/gdhpmachine.com\/it\/wp-json\/wp\/v2\/product_tag?post=4858"}],"curies":[{"name":"wp","href":"https:\/\/api.w.org\/{rel}","templated":true}]}}