{"id":7975,"date":"2026-04-19T01:10:14","date_gmt":"2026-04-19T01:10:14","guid":{"rendered":"https:\/\/gdhpmachine.com\/?post_type=product&#038;p=7975"},"modified":"2026-04-19T01:10:14","modified_gmt":"2026-04-19T01:10:14","slug":"round-bag-form-fill-seal-machine","status":"publish","type":"product","link":"https:\/\/gdhpmachine.com\/fr\/product\/round-bag-form-fill-seal-machine\/","title":{"rendered":"Machine de formage-remplissage-siffage ronde pour th\u00e9, caf\u00e9, dessicant"},"content":{"rendered":"","protected":false},"excerpt":{"rendered":"<p>Le format d'emballage circulaire convient pour le th\u00e9, le caf\u00e9 et d'autres produits en poudre, y compris ceux n\u00e9cessitant un emballage r\u00e9sistant \u00e0 l'humidit\u00e9. La plage de remplissage est de 2\u20133 g et la vitesse d'emballage est de 40\u201350 sachets par minute.<\/p>","protected":false},"featured_media":7981,"comment_status":"open","ping_status":"closed","template":"","meta":[],"product_brand":[],"product_cat":[144,146],"product_tag":[],"class_list":{"0":"post-7975","1":"product","2":"type-product","3":"status-publish","4":"has-post-thumbnail","6":"product_cat-packaging-machine","7":"product_cat-vffs-machine","9":"first","10":"instock","11":"shipping-taxable","12":"product-type-simple"},"_links":{"self":[{"href":"https:\/\/gdhpmachine.com\/fr\/wp-json\/wp\/v2\/product\/7975","targetHints":{"allow":["GET"]}}],"collection":[{"href":"https:\/\/gdhpmachine.com\/fr\/wp-json\/wp\/v2\/product"}],"about":[{"href":"https:\/\/gdhpmachine.com\/fr\/wp-json\/wp\/v2\/types\/product"}],"replies":[{"embeddable":true,"href":"https:\/\/gdhpmachine.com\/fr\/wp-json\/wp\/v2\/comments?post=7975"}],"version-history":[{"count":16,"href":"https:\/\/gdhpmachine.com\/fr\/wp-json\/wp\/v2\/product\/7975\/revisions"}],"predecessor-version":[{"id":8009,"href":"https:\/\/gdhpmachine.com\/fr\/wp-json\/wp\/v2\/product\/7975\/revisions\/8009"}],"wp:featuredmedia":[{"embeddable":true,"href":"https:\/\/gdhpmachine.com\/fr\/wp-json\/wp\/v2\/media\/7981"}],"wp:attachment":[{"href":"https:\/\/gdhpmachine.com\/fr\/wp-json\/wp\/v2\/media?parent=7975"}],"wp:term":[{"taxonomy":"product_brand","embeddable":true,"href":"https:\/\/gdhpmachine.com\/fr\/wp-json\/wp\/v2\/product_brand?post=7975"},{"taxonomy":"product_cat","embeddable":true,"href":"https:\/\/gdhpmachine.com\/fr\/wp-json\/wp\/v2\/product_cat?post=7975"},{"taxonomy":"product_tag","embeddable":true,"href":"https:\/\/gdhpmachine.com\/fr\/wp-json\/wp\/v2\/product_tag?post=7975"}],"curies":[{"name":"wp","href":"https:\/\/api.w.org\/{rel}","templated":true}]}}