{"id":7911,"date":"2026-04-19T01:09:56","date_gmt":"2026-04-19T01:09:56","guid":{"rendered":"https:\/\/gdhpmachine.com\/?post_type=product&#038;p=7911"},"modified":"2026-04-19T01:09:56","modified_gmt":"2026-04-19T01:09:56","slug":"tea-bag-form-fill-seal-machine","status":"publish","type":"product","link":"https:\/\/gdhpmachine.com\/fr\/product\/tea-bag-form-fill-seal-machine\/","title":{"rendered":"Machine de remplissage et scellage de sachets de th\u00e9"},"content":{"rendered":"","protected":false},"excerpt":{"rendered":"<p>Le <strong>machine \u00e0 sachet, form-fill-seal<\/strong> est adapt\u00e9e \u00e0 l\u2019emballage <strong>th\u00e9<\/strong>, <strong>caf\u00e9<\/strong>, et <strong>autres boissons \u00e0 base de plantes<\/strong>. Elle emploie un processus automatis\u00e9 \u2014 comprenant les \u00e9tapes de formation, de remplissage et de fermeture \u2014 pour emballer les mat\u00e9riaux de mani\u00e8re enti\u00e8rement et automatiquement. Comme aucune intervention manuelle n\u2019est requise pendant le processus de remplissage, elle garantit fortement que les produits finis restent exempts de contamination, respectant ainsi les normes de s\u00e9curit\u00e9 alimentaire.<\/p>","protected":false},"featured_media":7917,"comment_status":"open","ping_status":"closed","template":"","meta":[],"product_brand":[],"product_cat":[144,146],"product_tag":[],"class_list":{"0":"post-7911","1":"product","2":"type-product","3":"status-publish","4":"has-post-thumbnail","6":"product_cat-packaging-machine","7":"product_cat-vffs-machine","9":"first","10":"instock","11":"shipping-taxable","12":"product-type-simple"},"_links":{"self":[{"href":"https:\/\/gdhpmachine.com\/fr\/wp-json\/wp\/v2\/product\/7911","targetHints":{"allow":["GET"]}}],"collection":[{"href":"https:\/\/gdhpmachine.com\/fr\/wp-json\/wp\/v2\/product"}],"about":[{"href":"https:\/\/gdhpmachine.com\/fr\/wp-json\/wp\/v2\/types\/product"}],"replies":[{"embeddable":true,"href":"https:\/\/gdhpmachine.com\/fr\/wp-json\/wp\/v2\/comments?post=7911"}],"version-history":[{"count":18,"href":"https:\/\/gdhpmachine.com\/fr\/wp-json\/wp\/v2\/product\/7911\/revisions"}],"predecessor-version":[{"id":8008,"href":"https:\/\/gdhpmachine.com\/fr\/wp-json\/wp\/v2\/product\/7911\/revisions\/8008"}],"wp:featuredmedia":[{"embeddable":true,"href":"https:\/\/gdhpmachine.com\/fr\/wp-json\/wp\/v2\/media\/7917"}],"wp:attachment":[{"href":"https:\/\/gdhpmachine.com\/fr\/wp-json\/wp\/v2\/media?parent=7911"}],"wp:term":[{"taxonomy":"product_brand","embeddable":true,"href":"https:\/\/gdhpmachine.com\/fr\/wp-json\/wp\/v2\/product_brand?post=7911"},{"taxonomy":"product_cat","embeddable":true,"href":"https:\/\/gdhpmachine.com\/fr\/wp-json\/wp\/v2\/product_cat?post=7911"},{"taxonomy":"product_tag","embeddable":true,"href":"https:\/\/gdhpmachine.com\/fr\/wp-json\/wp\/v2\/product_tag?post=7911"}],"curies":[{"name":"wp","href":"https:\/\/api.w.org\/{rel}","templated":true}]}}