{"id":7760,"date":"2026-04-17T06:34:32","date_gmt":"2026-04-17T06:34:32","guid":{"rendered":"https:\/\/gdhpmachine.com\/?post_type=product&#038;p=7760"},"modified":"2026-04-17T08:22:11","modified_gmt":"2026-04-17T08:22:11","slug":"antigen-reagent-monoblock-filling","status":"publish","type":"product","link":"https:\/\/gdhpmachine.com\/fr\/product\/antigen-reagent-monoblock-filling\/","title":{"rendered":"R\u00e9actif Antig\u00e8ne MonoBlock Remplissage Pour Tube Microcentrifuge, tube PCR unique, tubes de centrifugeuse"},"content":{"rendered":"","protected":false},"excerpt":{"rendered":"<p>Remplissage de r\u00e9actif antig\u00e8ne MonoBlock adapt\u00e9 \u00e0 l'industrie IVD \u2014 sp\u00e9cifiquement pour l'emballage d'articles tels que les tubes de centrifugeuse, tubes PCR uniques, tubes d'\u00e9chantillonnage d'acide nucl\u00e9ique et autres produits connexes. La machine utilise des mat\u00e9riaux r\u00e9sistants \u00e0 la corrosion pour traiter efficacement les propri\u00e9t\u00e9s uniques des r\u00e9actifs liquides, \u00e9vitant ainsi les fuites qui pourraient corroder des circuits internes critiques. Il est pleinement conforme \u00e0 toutes les normes applicables de l'industrie IVD et de s\u00e9curit\u00e9. Dot\u00e9 d'un contr\u00f4le PLC intelligent, le syst\u00e8me assure un remplissage pr\u00e9cis des r\u00e9actifs avec une marge d'erreur de \u00b10,5%.<\/p>","protected":false},"featured_media":7778,"comment_status":"open","ping_status":"closed","template":"","meta":[],"product_brand":[],"product_cat":[165],"product_tag":[],"class_list":{"0":"post-7760","1":"product","2":"type-product","3":"status-publish","4":"has-post-thumbnail","6":"product_cat-monoblock-filling-and-capping-machine","8":"first","9":"instock","10":"shipping-taxable","11":"product-type-simple"},"_links":{"self":[{"href":"https:\/\/gdhpmachine.com\/fr\/wp-json\/wp\/v2\/product\/7760","targetHints":{"allow":["GET"]}}],"collection":[{"href":"https:\/\/gdhpmachine.com\/fr\/wp-json\/wp\/v2\/product"}],"about":[{"href":"https:\/\/gdhpmachine.com\/fr\/wp-json\/wp\/v2\/types\/product"}],"replies":[{"embeddable":true,"href":"https:\/\/gdhpmachine.com\/fr\/wp-json\/wp\/v2\/comments?post=7760"}],"version-history":[{"count":15,"href":"https:\/\/gdhpmachine.com\/fr\/wp-json\/wp\/v2\/product\/7760\/revisions"}],"predecessor-version":[{"id":7968,"href":"https:\/\/gdhpmachine.com\/fr\/wp-json\/wp\/v2\/product\/7760\/revisions\/7968"}],"wp:featuredmedia":[{"embeddable":true,"href":"https:\/\/gdhpmachine.com\/fr\/wp-json\/wp\/v2\/media\/7778"}],"wp:attachment":[{"href":"https:\/\/gdhpmachine.com\/fr\/wp-json\/wp\/v2\/media?parent=7760"}],"wp:term":[{"taxonomy":"product_brand","embeddable":true,"href":"https:\/\/gdhpmachine.com\/fr\/wp-json\/wp\/v2\/product_brand?post=7760"},{"taxonomy":"product_cat","embeddable":true,"href":"https:\/\/gdhpmachine.com\/fr\/wp-json\/wp\/v2\/product_cat?post=7760"},{"taxonomy":"product_tag","embeddable":true,"href":"https:\/\/gdhpmachine.com\/fr\/wp-json\/wp\/v2\/product_tag?post=7760"}],"curies":[{"name":"wp","href":"https:\/\/api.w.org\/{rel}","templated":true}]}}