{"id":7414,"date":"2026-04-11T03:23:31","date_gmt":"2026-04-11T03:23:31","guid":{"rendered":"https:\/\/gdhpmachine.com\/?post_type=product&#038;p=7414"},"modified":"2026-04-13T01:21:55","modified_gmt":"2026-04-13T01:21:55","slug":"tube-filling-and-sealing-machine","status":"publish","type":"product","link":"https:\/\/gdhpmachine.com\/fr\/product\/tube-filling-and-sealing-machine\/","title":{"rendered":"Machine de remplissage et de fermeture de tubes pour dentifrice, cr\u00e8me hydratante, colle et pigment"},"content":{"rendered":"","protected":false},"excerpt":{"rendered":"<p>Dans les industries cosm\u00e9tique, pharmaceutique, alimentaire et chimique, un emballage efficace et pr\u00e9cis est la cl\u00e9 pour rester comp\u00e9titif. Notre <b data-path-to-node=\"3\" data-index-in-node=\"136\">Machine d'Emballage et de Remplissage de Tube Automatique<\/b> est sp\u00e9cialement con\u00e7ue pour g\u00e9rer une large gamme de viscosit\u00e9s \u2014 des cr\u00e8mes douces pour les mains aux colles industrielles \u00e9paisses \u2014 assurant un remplissage parfait et un scellement professionnel \u00e0 chaque fois.<\/p>","protected":false},"featured_media":7426,"comment_status":"open","ping_status":"closed","template":"","meta":[],"product_brand":[],"product_cat":[165],"product_tag":[200,199,198,201],"class_list":{"0":"post-7414","1":"product","2":"type-product","3":"status-publish","4":"has-post-thumbnail","6":"product_cat-monoblock-filling-and-capping-machine","7":"product_tag-chemical","8":"product_tag-daily-chemical","9":"product_tag-food","10":"product_tag-pharmaceutical","12":"first","13":"instock","14":"shipping-taxable","15":"product-type-simple"},"_links":{"self":[{"href":"https:\/\/gdhpmachine.com\/fr\/wp-json\/wp\/v2\/product\/7414","targetHints":{"allow":["GET"]}}],"collection":[{"href":"https:\/\/gdhpmachine.com\/fr\/wp-json\/wp\/v2\/product"}],"about":[{"href":"https:\/\/gdhpmachine.com\/fr\/wp-json\/wp\/v2\/types\/product"}],"replies":[{"embeddable":true,"href":"https:\/\/gdhpmachine.com\/fr\/wp-json\/wp\/v2\/comments?post=7414"}],"version-history":[{"count":20,"href":"https:\/\/gdhpmachine.com\/fr\/wp-json\/wp\/v2\/product\/7414\/revisions"}],"predecessor-version":[{"id":7646,"href":"https:\/\/gdhpmachine.com\/fr\/wp-json\/wp\/v2\/product\/7414\/revisions\/7646"}],"wp:featuredmedia":[{"embeddable":true,"href":"https:\/\/gdhpmachine.com\/fr\/wp-json\/wp\/v2\/media\/7426"}],"wp:attachment":[{"href":"https:\/\/gdhpmachine.com\/fr\/wp-json\/wp\/v2\/media?parent=7414"}],"wp:term":[{"taxonomy":"product_brand","embeddable":true,"href":"https:\/\/gdhpmachine.com\/fr\/wp-json\/wp\/v2\/product_brand?post=7414"},{"taxonomy":"product_cat","embeddable":true,"href":"https:\/\/gdhpmachine.com\/fr\/wp-json\/wp\/v2\/product_cat?post=7414"},{"taxonomy":"product_tag","embeddable":true,"href":"https:\/\/gdhpmachine.com\/fr\/wp-json\/wp\/v2\/product_tag?post=7414"}],"curies":[{"name":"wp","href":"https:\/\/api.w.org\/{rel}","templated":true}]}}