{"id":7050,"date":"2026-04-04T09:02:54","date_gmt":"2026-04-04T09:02:54","guid":{"rendered":"https:\/\/gdhpmachine.com\/?post_type=product&#038;p=7050"},"modified":"2026-04-04T09:04:02","modified_gmt":"2026-04-04T09:04:02","slug":"six-head-peristaltic-pump-filling-machine","status":"publish","type":"product","link":"https:\/\/gdhpmachine.com\/fr\/product\/six-head-peristaltic-pump-filling-machine\/","title":{"rendered":"Machine d''homog\u00e9n\u00e9isation de remplissage par pompe p\u00e9ristaltique \u00e0 six t\u00eates enti\u00e8rement automatique"},"content":{"rendered":"","protected":false},"excerpt":{"rendered":"<p>Cette machine de remplissage par pompe p\u00e9ristaltique \u00e0 six t\u00eates enti\u00e8rement automatique est sp\u00e9cialement con\u00e7ue pour une production de haut niveau dans les industries pharmaceutique, alimentaire et chimique domestique. Dot\u00e9e d''un design synchronis\u00e9 \u00e0 six t\u00eates, la machine accro\u00eet consid\u00e9rablement l''efficacit\u00e9 de production. Qu''il s''agisse de d\u00e9sinfectants, de liquides oraux ou de s\u00e9rums pour la peau, cet \u00e9quipement offre une solution de remplissage automatis\u00e9e stable, pr\u00e9cise et intelligente.<\/p>","protected":false},"featured_media":7060,"comment_status":"open","ping_status":"closed","template":"","meta":[],"product_brand":[],"product_cat":[78,86,87],"product_tag":[],"class_list":{"0":"post-7050","1":"product","2":"type-product","3":"status-publish","4":"has-post-thumbnail","6":"product_cat-filling-machines","7":"product_cat-fully-automatic-filling-machine","8":"product_cat-fully-automatic-linear-filling-machine","10":"first","11":"instock","12":"shipping-taxable","13":"product-type-simple"},"_links":{"self":[{"href":"https:\/\/gdhpmachine.com\/fr\/wp-json\/wp\/v2\/product\/7050","targetHints":{"allow":["GET"]}}],"collection":[{"href":"https:\/\/gdhpmachine.com\/fr\/wp-json\/wp\/v2\/product"}],"about":[{"href":"https:\/\/gdhpmachine.com\/fr\/wp-json\/wp\/v2\/types\/product"}],"replies":[{"embeddable":true,"href":"https:\/\/gdhpmachine.com\/fr\/wp-json\/wp\/v2\/comments?post=7050"}],"version-history":[{"count":23,"href":"https:\/\/gdhpmachine.com\/fr\/wp-json\/wp\/v2\/product\/7050\/revisions"}],"predecessor-version":[{"id":7221,"href":"https:\/\/gdhpmachine.com\/fr\/wp-json\/wp\/v2\/product\/7050\/revisions\/7221"}],"wp:featuredmedia":[{"embeddable":true,"href":"https:\/\/gdhpmachine.com\/fr\/wp-json\/wp\/v2\/media\/7060"}],"wp:attachment":[{"href":"https:\/\/gdhpmachine.com\/fr\/wp-json\/wp\/v2\/media?parent=7050"}],"wp:term":[{"taxonomy":"product_brand","embeddable":true,"href":"https:\/\/gdhpmachine.com\/fr\/wp-json\/wp\/v2\/product_brand?post=7050"},{"taxonomy":"product_cat","embeddable":true,"href":"https:\/\/gdhpmachine.com\/fr\/wp-json\/wp\/v2\/product_cat?post=7050"},{"taxonomy":"product_tag","embeddable":true,"href":"https:\/\/gdhpmachine.com\/fr\/wp-json\/wp\/v2\/product_tag?post=7050"}],"curies":[{"name":"wp","href":"https:\/\/api.w.org\/{rel}","templated":true}]}}