{"id":6957,"date":"2026-04-01T09:50:34","date_gmt":"2026-04-01T09:50:34","guid":{"rendered":"https:\/\/gdhpmachine.com\/?post_type=product&#038;p=6957"},"modified":"2026-04-03T08:03:24","modified_gmt":"2026-04-03T08:03:24","slug":"fully-automatic-capsule-filling-machine-for-medicine-multivitamin-probiotic-health-supplement-and-collagen-peptide-capsules","status":"publish","type":"product","link":"https:\/\/gdhpmachine.com\/fr\/product\/fully-automatic-capsule-filling-machine-for-medicine-multivitamin-probiotic-health-supplement-and-collagen-peptide-capsules\/","title":{"rendered":"Machine de remplissage automatique totalement automatique de capsules pour m\u00e9dicaments, multivitamines, probiotiques, compl\u00e9ments de sant\u00e9 et capsules de peptides de collag\u00e8ne"},"content":{"rendered":"","protected":false},"excerpt":{"rendered":"<p data-path-to-node=\"4\">Cette machine de remplissage automatique de capsules con\u00e7ue pour une production \u00e0 haute efficacit\u00e9 dans le <b data-path-to-node=\"4\" data-index-in-node=\"49\">pharmacologique et nutraceutique<\/b> industries, cet emballeur automatique de capsules offre une compatibilit\u00e9 approfondie avec une large gamme de mat\u00e9riaux, y compris <b data-path-to-node=\"4\" data-index-in-node=\"198\">poudres, granules, probiotiques et collag\u00e8ne<\/b>. L\u2019\u00e9quipement est strictement <b data-path-to-node=\"4\" data-index-in-node=\"269\">d'une machine de remplissage conforme GMP<\/b> et utilise une pr\u00e9cision <b data-path-to-node=\"4\" data-index-in-node=\"306\">m\u00e9canisme d\u2019ajustement 3D<\/b> pour continuer \u00e0 corriger les erreurs de remplissage <b data-path-to-node=\"4\" data-index-in-node=\"360\">\u00b13.5%<\/b>, tout en atteignant un taux de r\u00e9ussite de chargement de capsule pouvant aller jusqu'\u00e0 <b data-path-to-node=\"4\" data-index-in-node=\"423\">99%<\/b>. Pr\u00e9sentant un <b data-path-to-node=\"5\" data-index-in-node=\"13\">interface intuitive et intelligente<\/b> et <b data-path-to-node=\"5\" data-index-in-node=\"43\">Garde-corps de s\u00e9curit\u00e9 automatis\u00e9<\/b>, cette machine r\u00e9duit consid\u00e9rablement les d\u00e9chets de mat\u00e9riau et les co\u00fbts de main-d'\u0153uvre. C'est la solution id\u00e9ale pour les entreprises pharmaceutiques et les institutions de recherche et d\u00e9veloppement cherchant \u00e0 atteindre <b data-path-to-node=\"5\" data-index-in-node=\"231\">production \u00e0 haute pr\u00e9cision, haute production et standardis\u00e9e<\/b>.<\/p>","protected":false},"featured_media":6967,"comment_status":"open","ping_status":"closed","template":"","meta":[],"product_brand":[],"product_cat":[162],"product_tag":[],"class_list":{"0":"post-6957","1":"product","2":"type-product","3":"status-publish","4":"has-post-thumbnail","6":"product_cat-pharmaceutical-machinery","8":"first","9":"instock","10":"shipping-taxable","11":"product-type-simple"},"_links":{"self":[{"href":"https:\/\/gdhpmachine.com\/fr\/wp-json\/wp\/v2\/product\/6957","targetHints":{"allow":["GET"]}}],"collection":[{"href":"https:\/\/gdhpmachine.com\/fr\/wp-json\/wp\/v2\/product"}],"about":[{"href":"https:\/\/gdhpmachine.com\/fr\/wp-json\/wp\/v2\/types\/product"}],"replies":[{"embeddable":true,"href":"https:\/\/gdhpmachine.com\/fr\/wp-json\/wp\/v2\/comments?post=6957"}],"version-history":[{"count":19,"href":"https:\/\/gdhpmachine.com\/fr\/wp-json\/wp\/v2\/product\/6957\/revisions"}],"predecessor-version":[{"id":7158,"href":"https:\/\/gdhpmachine.com\/fr\/wp-json\/wp\/v2\/product\/6957\/revisions\/7158"}],"wp:featuredmedia":[{"embeddable":true,"href":"https:\/\/gdhpmachine.com\/fr\/wp-json\/wp\/v2\/media\/6967"}],"wp:attachment":[{"href":"https:\/\/gdhpmachine.com\/fr\/wp-json\/wp\/v2\/media?parent=6957"}],"wp:term":[{"taxonomy":"product_brand","embeddable":true,"href":"https:\/\/gdhpmachine.com\/fr\/wp-json\/wp\/v2\/product_brand?post=6957"},{"taxonomy":"product_cat","embeddable":true,"href":"https:\/\/gdhpmachine.com\/fr\/wp-json\/wp\/v2\/product_cat?post=6957"},{"taxonomy":"product_tag","embeddable":true,"href":"https:\/\/gdhpmachine.com\/fr\/wp-json\/wp\/v2\/product_tag?post=6957"}],"curies":[{"name":"wp","href":"https:\/\/api.w.org\/{rel}","templated":true}]}}