{"id":6883,"date":"2026-04-01T07:22:47","date_gmt":"2026-04-01T07:22:47","guid":{"rendered":"https:\/\/gdhpmachine.com\/?post_type=product&#038;p=6883"},"modified":"2026-04-01T08:35:09","modified_gmt":"2026-04-01T08:35:09","slug":"fully-automatic-explosion-proof-bottle-unscrambler","status":"publish","type":"product","link":"https:\/\/gdhpmachine.com\/fr\/product\/fully-automatic-explosion-proof-bottle-unscrambler\/","title":{"rendered":"Machine enti\u00e8rement automatique d\u00e9nosablage de bouteilles \u00e0 d\u00e9charge explosion"},"content":{"rendered":"","protected":false},"excerpt":{"rendered":"<p>Cette machine enti\u00e8rement automatique de d\u00e9semballage de bouteilles, antid\u00e9flagrante, est sp\u00e9cialement con\u00e7ue pour les industries pharmaceutique, phytosanitaire, cosm\u00e9tique et des produits chimiques fins. Dot\u00e9e d'une certification d'explosion compl\u00e8te et authoritative pour l'ensemble de la machine, elle constitue le choix de s\u00e9curit\u00e9 premier pour les lignes de production manipulant des liquides inflammables tels que l'alcool et les solvants. Le corps principal de l'\u00e9quipement est en acier inoxydable SUS304, conforme aux normes sanitaires GMP; son design \u00e0 angles arrondis et sans angles morts garantit la propret\u00e9 rigoureuse exig\u00e9e par les applications pharmaceutiques.<\/p>","protected":false},"featured_media":6892,"comment_status":"open","ping_status":"closed","template":"","meta":[],"product_brand":[],"product_cat":[61,64],"product_tag":[],"class_list":{"0":"post-6883","1":"product","2":"type-product","3":"status-publish","4":"has-post-thumbnail","6":"product_cat-bottle-unscrambler","7":"product_cat-push-plate-bottle-unscrambler","9":"first","10":"instock","11":"shipping-taxable","12":"product-type-simple"},"_links":{"self":[{"href":"https:\/\/gdhpmachine.com\/fr\/wp-json\/wp\/v2\/product\/6883","targetHints":{"allow":["GET"]}}],"collection":[{"href":"https:\/\/gdhpmachine.com\/fr\/wp-json\/wp\/v2\/product"}],"about":[{"href":"https:\/\/gdhpmachine.com\/fr\/wp-json\/wp\/v2\/types\/product"}],"replies":[{"embeddable":true,"href":"https:\/\/gdhpmachine.com\/fr\/wp-json\/wp\/v2\/comments?post=6883"}],"version-history":[{"count":20,"href":"https:\/\/gdhpmachine.com\/fr\/wp-json\/wp\/v2\/product\/6883\/revisions"}],"predecessor-version":[{"id":6956,"href":"https:\/\/gdhpmachine.com\/fr\/wp-json\/wp\/v2\/product\/6883\/revisions\/6956"}],"wp:featuredmedia":[{"embeddable":true,"href":"https:\/\/gdhpmachine.com\/fr\/wp-json\/wp\/v2\/media\/6892"}],"wp:attachment":[{"href":"https:\/\/gdhpmachine.com\/fr\/wp-json\/wp\/v2\/media?parent=6883"}],"wp:term":[{"taxonomy":"product_brand","embeddable":true,"href":"https:\/\/gdhpmachine.com\/fr\/wp-json\/wp\/v2\/product_brand?post=6883"},{"taxonomy":"product_cat","embeddable":true,"href":"https:\/\/gdhpmachine.com\/fr\/wp-json\/wp\/v2\/product_cat?post=6883"},{"taxonomy":"product_tag","embeddable":true,"href":"https:\/\/gdhpmachine.com\/fr\/wp-json\/wp\/v2\/product_tag?post=6883"}],"curies":[{"name":"wp","href":"https:\/\/api.w.org\/{rel}","templated":true}]}}