{"id":6621,"date":"2026-03-31T02:32:12","date_gmt":"2026-03-31T02:32:12","guid":{"rendered":"https:\/\/gdhpmachine.com\/?post_type=product&#038;p=6621"},"modified":"2026-04-01T06:20:22","modified_gmt":"2026-04-01T06:20:22","slug":"8-head-negative-ion-air-rinsing-machine-for-essential-oil-bottles-oral-solution-medical-povidone-iodine-honey","status":"publish","type":"product","link":"https:\/\/gdhpmachine.com\/fr\/product\/8-head-negative-ion-air-rinsing-machine-for-essential-oil-bottles-oral-solution-medical-povidone-iodine-honey\/","title":{"rendered":"Machine de rin\u00e7age par air \u00e0 ions n\u00e9gatifs 8 t\u00eates pour bouteilles d'huiles essentielles, solutions orales, povidone iod\u00e9e m\u00e9dicale, miel"},"content":{"rendered":"","protected":false},"excerpt":{"rendered":"<p>La machine de rin\u00e7age par air \u00e0 ions n\u00e9gatifs \u00e0 8 t\u00eates est une solution de nettoyage \u00e0 haute efficacit\u00e9 con\u00e7ue pour un emballage de pr\u00e9cision dans les secteurs pharmaceutique, cosm\u00e9tique et alimentaire. Con\u00e7ue sp\u00e9cifiquement pour les contenants utilis\u00e9s pour les huiles essentielles, les solutions orales, la povidone iod\u00e9e et le miel, elle utilise une technologie avanc\u00e9e d\u2019ions n\u00e9gatifs pour neutraliser l\u2019\u00e9lectricit\u00e9 statique et \u00e9liminer les poussi\u00e8res microscopiques sans eau.<\/p>","protected":false},"featured_media":6627,"comment_status":"open","ping_status":"closed","template":"","meta":[],"product_brand":[],"product_cat":[69,67],"product_tag":[],"class_list":{"0":"post-6621","1":"product","2":"type-product","3":"status-publish","4":"has-post-thumbnail","6":"product_cat-automatic-turnover-air-rinse-bottle-washer-negative-ion","7":"product_cat-bottle-washing-machine","9":"first","10":"instock","11":"shipping-taxable","12":"product-type-simple"},"_links":{"self":[{"href":"https:\/\/gdhpmachine.com\/fr\/wp-json\/wp\/v2\/product\/6621","targetHints":{"allow":["GET"]}}],"collection":[{"href":"https:\/\/gdhpmachine.com\/fr\/wp-json\/wp\/v2\/product"}],"about":[{"href":"https:\/\/gdhpmachine.com\/fr\/wp-json\/wp\/v2\/types\/product"}],"replies":[{"embeddable":true,"href":"https:\/\/gdhpmachine.com\/fr\/wp-json\/wp\/v2\/comments?post=6621"}],"version-history":[{"count":10,"href":"https:\/\/gdhpmachine.com\/fr\/wp-json\/wp\/v2\/product\/6621\/revisions"}],"predecessor-version":[{"id":6918,"href":"https:\/\/gdhpmachine.com\/fr\/wp-json\/wp\/v2\/product\/6621\/revisions\/6918"}],"wp:featuredmedia":[{"embeddable":true,"href":"https:\/\/gdhpmachine.com\/fr\/wp-json\/wp\/v2\/media\/6627"}],"wp:attachment":[{"href":"https:\/\/gdhpmachine.com\/fr\/wp-json\/wp\/v2\/media?parent=6621"}],"wp:term":[{"taxonomy":"product_brand","embeddable":true,"href":"https:\/\/gdhpmachine.com\/fr\/wp-json\/wp\/v2\/product_brand?post=6621"},{"taxonomy":"product_cat","embeddable":true,"href":"https:\/\/gdhpmachine.com\/fr\/wp-json\/wp\/v2\/product_cat?post=6621"},{"taxonomy":"product_tag","embeddable":true,"href":"https:\/\/gdhpmachine.com\/fr\/wp-json\/wp\/v2\/product_tag?post=6621"}],"curies":[{"name":"wp","href":"https:\/\/api.w.org\/{rel}","templated":true}]}}