{"id":6620,"date":"2026-03-31T02:32:12","date_gmt":"2026-03-31T02:32:12","guid":{"rendered":"https:\/\/gdhpmachine.com\/?post_type=product&#038;p=6620"},"modified":"2026-04-01T06:21:01","modified_gmt":"2026-04-01T06:21:01","slug":"high-performance-precision-engineered-servo-capping-machine-with-frame","status":"publish","type":"product","link":"https:\/\/gdhpmachine.com\/fr\/product\/high-performance-precision-engineered-servo-capping-machine-with-frame\/","title":{"rendered":"Machine de capsulage servo haute performance, ing\u00e9nierie de pr\u00e9cision (avec cadre)"},"content":{"rendered":"","protected":false},"excerpt":{"rendered":"<p>La machine de capsulage servo (avec cadre) est une solution performante et d\u2019ing\u00e9nierie de pr\u00e9cision con\u00e7ue pour l'emballage polyvalent de liquides. En utilisant une technologie de servomoteur avanc\u00e9e, elle offre un contr\u00f4le de couple exceptionnel et une pr\u00e9cision d\u2019\u00e9tanch\u00e9it\u00e9 coh\u00e9rente, ce qui la rend id\u00e9ale pour une large gamme de produits \u2014 des essentiels m\u00e9nagers tels que la lessive, le liquide vaisselle et le gel douche aux fluides automobiles tels que l\u2019huile moteur et l\u2019antigel. Elle est tout aussi comp\u00e9tente dans les applications alimentaires telles que l\u2019huile de cuisson, le jus. De plus, des mat\u00e9riaux hautement sensibles, tels que les produits pharmaceutiques, les r\u00e9actifs, etc.<\/p>","protected":false},"featured_media":6625,"comment_status":"open","ping_status":"closed","template":"","meta":[],"product_brand":[],"product_cat":[95,100,107],"product_tag":[],"class_list":{"0":"post-6620","1":"product","2":"type-product","3":"status-publish","4":"has-post-thumbnail","6":"product_cat-capping-machines","7":"product_cat-fully-automatic-capping-machine","8":"product_cat-fully-automatic-servo-driven-magnetic-torque-capping-machine","10":"first","11":"instock","12":"shipping-taxable","13":"product-type-simple"},"_links":{"self":[{"href":"https:\/\/gdhpmachine.com\/fr\/wp-json\/wp\/v2\/product\/6620","targetHints":{"allow":["GET"]}}],"collection":[{"href":"https:\/\/gdhpmachine.com\/fr\/wp-json\/wp\/v2\/product"}],"about":[{"href":"https:\/\/gdhpmachine.com\/fr\/wp-json\/wp\/v2\/types\/product"}],"replies":[{"embeddable":true,"href":"https:\/\/gdhpmachine.com\/fr\/wp-json\/wp\/v2\/comments?post=6620"}],"version-history":[{"count":11,"href":"https:\/\/gdhpmachine.com\/fr\/wp-json\/wp\/v2\/product\/6620\/revisions"}],"predecessor-version":[{"id":6919,"href":"https:\/\/gdhpmachine.com\/fr\/wp-json\/wp\/v2\/product\/6620\/revisions\/6919"}],"wp:featuredmedia":[{"embeddable":true,"href":"https:\/\/gdhpmachine.com\/fr\/wp-json\/wp\/v2\/media\/6625"}],"wp:attachment":[{"href":"https:\/\/gdhpmachine.com\/fr\/wp-json\/wp\/v2\/media?parent=6620"}],"wp:term":[{"taxonomy":"product_brand","embeddable":true,"href":"https:\/\/gdhpmachine.com\/fr\/wp-json\/wp\/v2\/product_brand?post=6620"},{"taxonomy":"product_cat","embeddable":true,"href":"https:\/\/gdhpmachine.com\/fr\/wp-json\/wp\/v2\/product_cat?post=6620"},{"taxonomy":"product_tag","embeddable":true,"href":"https:\/\/gdhpmachine.com\/fr\/wp-json\/wp\/v2\/product_tag?post=6620"}],"curies":[{"name":"wp","href":"https:\/\/api.w.org\/{rel}","templated":true}]}}