{"id":6619,"date":"2026-03-31T02:32:12","date_gmt":"2026-03-31T02:32:12","guid":{"rendered":"https:\/\/gdhpmachine.com\/?post_type=product&#038;p=6619"},"modified":"2026-04-01T01:23:42","modified_gmt":"2026-04-01T01:23:42","slug":"fully-automatic-4-head-tracking-filling-machine-for-laundry-detergent-body-wash-antifreeze-antibacterial-detergent","status":"publish","type":"product","link":"https:\/\/gdhpmachine.com\/fr\/product\/fully-automatic-4-head-tracking-filling-machine-for-laundry-detergent-body-wash-antifreeze-antibacterial-detergent\/","title":{"rendered":"Machine de remplissage automatique \u00e0 4 t\u00eates avec suivi pour lessive, gel douche, antigel, d\u00e9tergent antibact\u00e9rien"},"content":{"rendered":"","protected":false},"excerpt":{"rendered":"<p>Rationalisez votre production avec notre Machine de Remplissage \u00e0 Quatre Tentes Automatique \u00e0 Piste Unique, con\u00e7ue pour l\u2019emballage de liquides \u00e0 grande vitesse, sans interruption. Les buses de remplissage bougent en synchronisation avec les bouteilles, \u00e9liminant les pauses et augmentant consid\u00e9rablement le d\u00e9bit. Ce syst\u00e8me polyvalent est id\u00e9al pour une large gamme de viscosit\u00e9s, ce qui le rend parfait pour la lessive, le gel douche, le liquide antigel et les d\u00e9tergents antibact\u00e9riens.<\/p>","protected":false},"featured_media":6623,"comment_status":"open","ping_status":"closed","template":"","meta":[],"product_brand":[],"product_cat":[78,86,90],"product_tag":[],"class_list":{"0":"post-6619","1":"product","2":"type-product","3":"status-publish","4":"has-post-thumbnail","6":"product_cat-filling-machines","7":"product_cat-fully-automatic-filling-machine","8":"product_cat-fully-automatic-tracking-filling-machine","10":"first","11":"instock","12":"shipping-taxable","13":"product-type-simple"},"_links":{"self":[{"href":"https:\/\/gdhpmachine.com\/fr\/wp-json\/wp\/v2\/product\/6619","targetHints":{"allow":["GET"]}}],"collection":[{"href":"https:\/\/gdhpmachine.com\/fr\/wp-json\/wp\/v2\/product"}],"about":[{"href":"https:\/\/gdhpmachine.com\/fr\/wp-json\/wp\/v2\/types\/product"}],"replies":[{"embeddable":true,"href":"https:\/\/gdhpmachine.com\/fr\/wp-json\/wp\/v2\/comments?post=6619"}],"version-history":[{"count":14,"href":"https:\/\/gdhpmachine.com\/fr\/wp-json\/wp\/v2\/product\/6619\/revisions"}],"predecessor-version":[{"id":6838,"href":"https:\/\/gdhpmachine.com\/fr\/wp-json\/wp\/v2\/product\/6619\/revisions\/6838"}],"wp:featuredmedia":[{"embeddable":true,"href":"https:\/\/gdhpmachine.com\/fr\/wp-json\/wp\/v2\/media\/6623"}],"wp:attachment":[{"href":"https:\/\/gdhpmachine.com\/fr\/wp-json\/wp\/v2\/media?parent=6619"}],"wp:term":[{"taxonomy":"product_brand","embeddable":true,"href":"https:\/\/gdhpmachine.com\/fr\/wp-json\/wp\/v2\/product_brand?post=6619"},{"taxonomy":"product_cat","embeddable":true,"href":"https:\/\/gdhpmachine.com\/fr\/wp-json\/wp\/v2\/product_cat?post=6619"},{"taxonomy":"product_tag","embeddable":true,"href":"https:\/\/gdhpmachine.com\/fr\/wp-json\/wp\/v2\/product_tag?post=6619"}],"curies":[{"name":"wp","href":"https:\/\/api.w.org\/{rel}","templated":true}]}}