{"id":5658,"date":"2026-03-20T09:04:40","date_gmt":"2026-03-20T09:04:40","guid":{"rendered":"https:\/\/gdhpmachine.com\/?post_type=product&#038;p=5658"},"modified":"2026-03-24T12:45:04","modified_gmt":"2026-03-24T12:45:04","slug":"pp-strapping-machine","status":"publish","type":"product","link":"https:\/\/gdhpmachine.com\/fr\/product\/pp-strapping-machine\/","title":{"rendered":"Machine d\u2019Attache PP"},"content":{"rendered":"","protected":false},"excerpt":{"rendered":"<p>Con\u00e7u pour rationaliser l\u2019emballage en fin de ligne, cette machine d\u2019attache PP haute performance est un outil d\u2019automatisation essentiel pour la logistique et la fabrication modernes. Dot\u00e9e d\u2019un cadre en alliage robuste et de composants de thermosoudage r\u00e9sistants \u00e0 l\u2019usure, elle assure une tensionnement pr\u00e9cis, une coupe et un assemblage thermique haute r\u00e9sistance pour diverses sp\u00e9cifications de sangle polypropylene (PP).<\/p>","protected":false},"featured_media":5662,"comment_status":"open","ping_status":"closed","template":"","meta":[],"product_brand":[],"product_cat":[135,140],"product_tag":[],"class_list":{"0":"post-5658","1":"product","2":"type-product","3":"status-publish","4":"has-post-thumbnail","6":"product_cat-case-opening-packing-and-sealing-machine","7":"product_cat-strapping-machine","9":"first","10":"instock","11":"shipping-taxable","12":"product-type-simple"},"_links":{"self":[{"href":"https:\/\/gdhpmachine.com\/fr\/wp-json\/wp\/v2\/product\/5658","targetHints":{"allow":["GET"]}}],"collection":[{"href":"https:\/\/gdhpmachine.com\/fr\/wp-json\/wp\/v2\/product"}],"about":[{"href":"https:\/\/gdhpmachine.com\/fr\/wp-json\/wp\/v2\/types\/product"}],"replies":[{"embeddable":true,"href":"https:\/\/gdhpmachine.com\/fr\/wp-json\/wp\/v2\/comments?post=5658"}],"version-history":[{"count":29,"href":"https:\/\/gdhpmachine.com\/fr\/wp-json\/wp\/v2\/product\/5658\/revisions"}],"predecessor-version":[{"id":6915,"href":"https:\/\/gdhpmachine.com\/fr\/wp-json\/wp\/v2\/product\/5658\/revisions\/6915"}],"wp:featuredmedia":[{"embeddable":true,"href":"https:\/\/gdhpmachine.com\/fr\/wp-json\/wp\/v2\/media\/5662"}],"wp:attachment":[{"href":"https:\/\/gdhpmachine.com\/fr\/wp-json\/wp\/v2\/media?parent=5658"}],"wp:term":[{"taxonomy":"product_brand","embeddable":true,"href":"https:\/\/gdhpmachine.com\/fr\/wp-json\/wp\/v2\/product_brand?post=5658"},{"taxonomy":"product_cat","embeddable":true,"href":"https:\/\/gdhpmachine.com\/fr\/wp-json\/wp\/v2\/product_cat?post=5658"},{"taxonomy":"product_tag","embeddable":true,"href":"https:\/\/gdhpmachine.com\/fr\/wp-json\/wp\/v2\/product_tag?post=5658"}],"curies":[{"name":"wp","href":"https:\/\/api.w.org\/{rel}","templated":true}]}}