{"id":5529,"date":"2026-03-20T07:11:14","date_gmt":"2026-03-20T07:11:14","guid":{"rendered":"https:\/\/gdhpmachine.com\/?post_type=product&#038;p=5529"},"modified":"2026-04-01T06:18:14","modified_gmt":"2026-04-01T06:18:14","slug":"fully-automatic-negative-pressure-vacuum-can-sealing-machine","status":"publish","type":"product","link":"https:\/\/gdhpmachine.com\/fr\/product\/fully-automatic-negative-pressure-vacuum-can-sealing-machine\/","title":{"rendered":"Machine d\u2019emballage sous vide \u00e0 pression n\u00e9gative enti\u00e8rement automatique"},"content":{"rendered":"","protected":false},"excerpt":{"rendered":"<p>La machine d\u2019emballage sous vide \u00e0 pression n\u00e9gative enti\u00e8rement automatique est une centrale \u00e0 haute efficacit\u00e9 con\u00e7ue pour une meilleure pr\u00e9servation des produits. En utilisant une technologie avanc\u00e9e de pression n\u00e9gative pour \u00e9liminer l\u2019oxyg\u00e8ne, elle cr\u00e9e un joint \u00e9tanche qui prolonge consid\u00e9rablement la dur\u00e9e de conservation tout en pr\u00e9servant l\u2019int\u00e9grit\u00e9 nutritionnelle. Con\u00e7ue pour les industries alimentaires, pharmaceutiques et chimiques, cette machine polyvalente est le choix id\u00e9al pour tout, des compl\u00e9ments nutritionnels haut de gamme et des produits lyophilis\u00e9s jusqu\u2019aux fruits de mer et \u00e0 la nourriture pour animaux.<\/p>","protected":false},"featured_media":5535,"comment_status":"open","ping_status":"closed","template":"","meta":[],"product_brand":[],"product_cat":[188,190],"product_tag":[],"class_list":{"0":"post-5529","1":"product","2":"type-product","3":"status-publish","4":"has-post-thumbnail","6":"product_cat-can-seamer","7":"product_cat-fully-automatic-can-seamer","9":"first","10":"instock","11":"shipping-taxable","12":"product-type-simple"},"_links":{"self":[{"href":"https:\/\/gdhpmachine.com\/fr\/wp-json\/wp\/v2\/product\/5529","targetHints":{"allow":["GET"]}}],"collection":[{"href":"https:\/\/gdhpmachine.com\/fr\/wp-json\/wp\/v2\/product"}],"about":[{"href":"https:\/\/gdhpmachine.com\/fr\/wp-json\/wp\/v2\/types\/product"}],"replies":[{"embeddable":true,"href":"https:\/\/gdhpmachine.com\/fr\/wp-json\/wp\/v2\/comments?post=5529"}],"version-history":[{"count":32,"href":"https:\/\/gdhpmachine.com\/fr\/wp-json\/wp\/v2\/product\/5529\/revisions"}],"predecessor-version":[{"id":6914,"href":"https:\/\/gdhpmachine.com\/fr\/wp-json\/wp\/v2\/product\/5529\/revisions\/6914"}],"wp:featuredmedia":[{"embeddable":true,"href":"https:\/\/gdhpmachine.com\/fr\/wp-json\/wp\/v2\/media\/5535"}],"wp:attachment":[{"href":"https:\/\/gdhpmachine.com\/fr\/wp-json\/wp\/v2\/media?parent=5529"}],"wp:term":[{"taxonomy":"product_brand","embeddable":true,"href":"https:\/\/gdhpmachine.com\/fr\/wp-json\/wp\/v2\/product_brand?post=5529"},{"taxonomy":"product_cat","embeddable":true,"href":"https:\/\/gdhpmachine.com\/fr\/wp-json\/wp\/v2\/product_cat?post=5529"},{"taxonomy":"product_tag","embeddable":true,"href":"https:\/\/gdhpmachine.com\/fr\/wp-json\/wp\/v2\/product_tag?post=5529"}],"curies":[{"name":"wp","href":"https:\/\/api.w.org\/{rel}","templated":true}]}}