{"id":5239,"date":"2026-03-18T10:10:23","date_gmt":"2026-03-18T10:10:23","guid":{"rendered":"https:\/\/gdhpmachine.com\/?post_type=product&#038;p=5239"},"modified":"2026-04-01T06:16:27","modified_gmt":"2026-04-01T06:16:27","slug":"fully-automatic-vertical-round-bottle-labeling-machine","status":"publish","type":"product","link":"https:\/\/gdhpmachine.com\/fr\/product\/fully-automatic-vertical-round-bottle-labeling-machine\/","title":{"rendered":"Machine d\u2019\u00e9tiquetage enti\u00e8rement automatique verticale pour bouteilles rondes, utilis\u00e9s pour les soins de la peau, le vin, l\u2019huile et les conserves alimentaires"},"content":{"rendered":"","protected":false},"excerpt":{"rendered":"<p>La machine d'\u00e9tiquetage enti\u00e8rement automatique pour bouteilles rondes verticales est une solution de haute pr\u00e9cision con\u00e7ue pour une int\u00e9gration transparente dans des lignes de production \u00e0 grande vitesse. Con\u00e7ue pour une pr\u00e9cision exceptionnelle, elle assure une application d'\u00e9tiquettes homog\u00e8ne et sans bulles sur des conteneurs cylindriques. Des soins de la peau et des d\u00e9sinfectants pour les mains aux bo\u00eetes de conserve alimentaires, bouteilles de vin et m\u00eame huile lubrifiante, cette machine polyvalente g\u00e8re facilement divers types de produits.<\/p>","protected":false},"featured_media":5655,"comment_status":"open","ping_status":"closed","template":"","meta":[],"product_brand":[],"product_cat":[121,123],"product_tag":[],"class_list":{"0":"post-5239","1":"product","2":"type-product","3":"status-publish","4":"has-post-thumbnail","6":"product_cat-labeling-machines","7":"product_cat-fully-automatic-labeling-machine","9":"first","10":"instock","11":"shipping-taxable","12":"product-type-simple"},"_links":{"self":[{"href":"https:\/\/gdhpmachine.com\/fr\/wp-json\/wp\/v2\/product\/5239","targetHints":{"allow":["GET"]}}],"collection":[{"href":"https:\/\/gdhpmachine.com\/fr\/wp-json\/wp\/v2\/product"}],"about":[{"href":"https:\/\/gdhpmachine.com\/fr\/wp-json\/wp\/v2\/types\/product"}],"replies":[{"embeddable":true,"href":"https:\/\/gdhpmachine.com\/fr\/wp-json\/wp\/v2\/comments?post=5239"}],"version-history":[{"count":18,"href":"https:\/\/gdhpmachine.com\/fr\/wp-json\/wp\/v2\/product\/5239\/revisions"}],"predecessor-version":[{"id":6912,"href":"https:\/\/gdhpmachine.com\/fr\/wp-json\/wp\/v2\/product\/5239\/revisions\/6912"}],"wp:featuredmedia":[{"embeddable":true,"href":"https:\/\/gdhpmachine.com\/fr\/wp-json\/wp\/v2\/media\/5655"}],"wp:attachment":[{"href":"https:\/\/gdhpmachine.com\/fr\/wp-json\/wp\/v2\/media?parent=5239"}],"wp:term":[{"taxonomy":"product_brand","embeddable":true,"href":"https:\/\/gdhpmachine.com\/fr\/wp-json\/wp\/v2\/product_brand?post=5239"},{"taxonomy":"product_cat","embeddable":true,"href":"https:\/\/gdhpmachine.com\/fr\/wp-json\/wp\/v2\/product_cat?post=5239"},{"taxonomy":"product_tag","embeddable":true,"href":"https:\/\/gdhpmachine.com\/fr\/wp-json\/wp\/v2\/product_tag?post=5239"}],"curies":[{"name":"wp","href":"https:\/\/api.w.org\/{rel}","templated":true}]}}