{"id":5131,"date":"2026-03-17T09:56:39","date_gmt":"2026-03-17T09:56:39","guid":{"rendered":"https:\/\/gdhpmachine.com\/?post_type=product&#038;p=5131"},"modified":"2026-04-01T06:14:03","modified_gmt":"2026-04-01T06:14:03","slug":"fully-automatic-single-sided-labeling-machine","status":"publish","type":"product","link":"https:\/\/gdhpmachine.com\/fr\/product\/fully-automatic-single-sided-labeling-machine\/","title":{"rendered":"Machine d\u2019\u00e9tiquetage enti\u00e8rement automatique \u00e0 \u00e9tiquetage simple c\u00f4t\u00e9 pour les d\u00e9sinfectants, les boissons aux fruits et les condiments"},"content":{"rendered":"","protected":false},"excerpt":{"rendered":"<p>La Machine d'\u00c9tiquetage Automatique Simple C\u00f4t\u00e9 est une solution de pr\u00e9cision con\u00e7ue pour une application \u00e0 grande vitesse sur des contenants plats, carr\u00e9s ou de grand diam\u00e8tre. Con\u00e7ue pour rationaliser votre ligne de production, elle assure un placement parfait des \u00e9tiquettes pour des produits allant des fluides pour lavage des mains et des d\u00e9sinfectants \u00e0 l'huile de cuisson et condiments.<\/p>","protected":false},"featured_media":5528,"comment_status":"open","ping_status":"closed","template":"","meta":[],"product_brand":[],"product_cat":[121,123],"product_tag":[],"class_list":{"0":"post-5131","1":"product","2":"type-product","3":"status-publish","4":"has-post-thumbnail","6":"product_cat-labeling-machines","7":"product_cat-fully-automatic-labeling-machine","9":"first","10":"instock","11":"shipping-taxable","12":"product-type-simple"},"_links":{"self":[{"href":"https:\/\/gdhpmachine.com\/fr\/wp-json\/wp\/v2\/product\/5131","targetHints":{"allow":["GET"]}}],"collection":[{"href":"https:\/\/gdhpmachine.com\/fr\/wp-json\/wp\/v2\/product"}],"about":[{"href":"https:\/\/gdhpmachine.com\/fr\/wp-json\/wp\/v2\/types\/product"}],"replies":[{"embeddable":true,"href":"https:\/\/gdhpmachine.com\/fr\/wp-json\/wp\/v2\/comments?post=5131"}],"version-history":[{"count":18,"href":"https:\/\/gdhpmachine.com\/fr\/wp-json\/wp\/v2\/product\/5131\/revisions"}],"predecessor-version":[{"id":6911,"href":"https:\/\/gdhpmachine.com\/fr\/wp-json\/wp\/v2\/product\/5131\/revisions\/6911"}],"wp:featuredmedia":[{"embeddable":true,"href":"https:\/\/gdhpmachine.com\/fr\/wp-json\/wp\/v2\/media\/5528"}],"wp:attachment":[{"href":"https:\/\/gdhpmachine.com\/fr\/wp-json\/wp\/v2\/media?parent=5131"}],"wp:term":[{"taxonomy":"product_brand","embeddable":true,"href":"https:\/\/gdhpmachine.com\/fr\/wp-json\/wp\/v2\/product_brand?post=5131"},{"taxonomy":"product_cat","embeddable":true,"href":"https:\/\/gdhpmachine.com\/fr\/wp-json\/wp\/v2\/product_cat?post=5131"},{"taxonomy":"product_tag","embeddable":true,"href":"https:\/\/gdhpmachine.com\/fr\/wp-json\/wp\/v2\/product_tag?post=5131"}],"curies":[{"name":"wp","href":"https:\/\/api.w.org\/{rel}","templated":true}]}}