{"id":4895,"date":"2026-03-16T06:01:31","date_gmt":"2026-03-16T06:01:31","guid":{"rendered":"https:\/\/gdhpmachine.com\/?post_type=product&#038;p=4895"},"modified":"2026-03-24T12:50:36","modified_gmt":"2026-03-24T12:50:36","slug":"canned-food-sorting-and-packing-case-packer","status":"publish","type":"product","link":"https:\/\/gdhpmachine.com\/fr\/product\/canned-food-sorting-and-packing-case-packer\/","title":{"rendered":"Tri et emballeur de bo\u00eetes de conserves"},"content":{"rendered":"","protected":false},"excerpt":{"rendered":"<p>Rationalisez votre production gr\u00e2ce \u00e0 notre tri de bo\u00eetes de conserve et emballeur de bo\u00eetes. Solutions d\u2019emballage de bo\u00eetes \u00e0 grande vitesse con\u00e7ues pour l\u2019efficacit\u00e9 et la durabilit\u00e9.<\/p>","protected":false},"featured_media":4900,"comment_status":"open","ping_status":"closed","template":"","meta":[],"product_brand":[],"product_cat":[135,137],"product_tag":[],"class_list":{"0":"post-4895","1":"product","2":"type-product","3":"status-publish","4":"has-post-thumbnail","6":"product_cat-case-opening-packing-and-sealing-machine","7":"product_cat-case-packer","9":"first","10":"instock","11":"shipping-taxable","12":"product-type-simple"},"_links":{"self":[{"href":"https:\/\/gdhpmachine.com\/fr\/wp-json\/wp\/v2\/product\/4895","targetHints":{"allow":["GET"]}}],"collection":[{"href":"https:\/\/gdhpmachine.com\/fr\/wp-json\/wp\/v2\/product"}],"about":[{"href":"https:\/\/gdhpmachine.com\/fr\/wp-json\/wp\/v2\/types\/product"}],"replies":[{"embeddable":true,"href":"https:\/\/gdhpmachine.com\/fr\/wp-json\/wp\/v2\/comments?post=4895"}],"version-history":[{"count":25,"href":"https:\/\/gdhpmachine.com\/fr\/wp-json\/wp\/v2\/product\/4895\/revisions"}],"predecessor-version":[{"id":5166,"href":"https:\/\/gdhpmachine.com\/fr\/wp-json\/wp\/v2\/product\/4895\/revisions\/5166"}],"wp:featuredmedia":[{"embeddable":true,"href":"https:\/\/gdhpmachine.com\/fr\/wp-json\/wp\/v2\/media\/4900"}],"wp:attachment":[{"href":"https:\/\/gdhpmachine.com\/fr\/wp-json\/wp\/v2\/media?parent=4895"}],"wp:term":[{"taxonomy":"product_brand","embeddable":true,"href":"https:\/\/gdhpmachine.com\/fr\/wp-json\/wp\/v2\/product_brand?post=4895"},{"taxonomy":"product_cat","embeddable":true,"href":"https:\/\/gdhpmachine.com\/fr\/wp-json\/wp\/v2\/product_cat?post=4895"},{"taxonomy":"product_tag","embeddable":true,"href":"https:\/\/gdhpmachine.com\/fr\/wp-json\/wp\/v2\/product_tag?post=4895"}],"curies":[{"name":"wp","href":"https:\/\/api.w.org\/{rel}","templated":true}]}}