{"id":4858,"date":"2026-03-16T03:54:48","date_gmt":"2026-03-16T03:54:48","guid":{"rendered":"https:\/\/gdhpmachine.com\/?post_type=product&#038;p=4858"},"modified":"2026-03-25T05:45:26","modified_gmt":"2026-03-25T05:45:26","slug":"fully-automatic-high-speed-case-erector","status":"publish","type":"product","link":"https:\/\/gdhpmachine.com\/fr\/product\/fully-automatic-high-speed-case-erector\/","title":{"rendered":"Gaine Erecteur de Bo\u00eetes enti\u00e8rement automatique \u00e0 grande vitesse pour l\u2019alimentation, les boissons, les produits chimiques, pharmaceutiques, produits chimiques quotidiens et l\u2019industrie IVd"},"content":{"rendered":"","protected":false},"excerpt":{"rendered":"<p>Boostez la productivit\u00e9 avec notre \u00e9recteur de bo\u00eetes enti\u00e8rement automatique \u00e0 grande vitesse. Rapide, fiable et fluide pour des lignes d\u2019emballage industrielles \u00e0 grand volume.<\/p>","protected":false},"featured_media":4872,"comment_status":"open","ping_status":"closed","template":"","meta":[],"product_brand":[],"product_cat":[135,136],"product_tag":[],"class_list":{"0":"post-4858","1":"product","2":"type-product","3":"status-publish","4":"has-post-thumbnail","6":"product_cat-case-opening-packing-and-sealing-machine","7":"product_cat-case-erector","9":"first","10":"instock","11":"shipping-taxable","12":"product-type-simple"},"_links":{"self":[{"href":"https:\/\/gdhpmachine.com\/fr\/wp-json\/wp\/v2\/product\/4858","targetHints":{"allow":["GET"]}}],"collection":[{"href":"https:\/\/gdhpmachine.com\/fr\/wp-json\/wp\/v2\/product"}],"about":[{"href":"https:\/\/gdhpmachine.com\/fr\/wp-json\/wp\/v2\/types\/product"}],"replies":[{"embeddable":true,"href":"https:\/\/gdhpmachine.com\/fr\/wp-json\/wp\/v2\/comments?post=4858"}],"version-history":[{"count":18,"href":"https:\/\/gdhpmachine.com\/fr\/wp-json\/wp\/v2\/product\/4858\/revisions"}],"predecessor-version":[{"id":6133,"href":"https:\/\/gdhpmachine.com\/fr\/wp-json\/wp\/v2\/product\/4858\/revisions\/6133"}],"wp:featuredmedia":[{"embeddable":true,"href":"https:\/\/gdhpmachine.com\/fr\/wp-json\/wp\/v2\/media\/4872"}],"wp:attachment":[{"href":"https:\/\/gdhpmachine.com\/fr\/wp-json\/wp\/v2\/media?parent=4858"}],"wp:term":[{"taxonomy":"product_brand","embeddable":true,"href":"https:\/\/gdhpmachine.com\/fr\/wp-json\/wp\/v2\/product_brand?post=4858"},{"taxonomy":"product_cat","embeddable":true,"href":"https:\/\/gdhpmachine.com\/fr\/wp-json\/wp\/v2\/product_cat?post=4858"},{"taxonomy":"product_tag","embeddable":true,"href":"https:\/\/gdhpmachine.com\/fr\/wp-json\/wp\/v2\/product_tag?post=4858"}],"curies":[{"name":"wp","href":"https:\/\/api.w.org\/{rel}","templated":true}]}}