{"id":4747,"date":"2026-03-13T07:48:30","date_gmt":"2026-03-13T07:48:30","guid":{"rendered":"https:\/\/gdhpmachine.com\/?post_type=product&#038;p=4747"},"modified":"2026-03-24T12:51:04","modified_gmt":"2026-03-24T12:51:04","slug":"fully-automatic-case-sealer","status":"publish","type":"product","link":"https:\/\/gdhpmachine.com\/fr\/product\/fully-automatic-case-sealer\/","title":{"rendered":"Scelleuse de bo\u00eetes enti\u00e8rement automatique"},"content":{"rendered":"","protected":false},"excerpt":{"rendered":"<p>Propuls\u00e9e par une technologie \u00e0 double moteur robuste, <strong>Scelleuse de bo\u00eetes enti\u00e8rement automatique<\/strong> offre des joints constants, professionnels et s\u00e9curis\u00e9s pour chaque carton, assurant que vos produits soient pr\u00eats pour la galerie et s\u00fbrs pendant le transport.<\/p>","protected":false},"featured_media":4753,"comment_status":"open","ping_status":"closed","template":"","meta":[],"product_brand":[],"product_cat":[135,169],"product_tag":[],"class_list":{"0":"post-4747","1":"product","2":"type-product","3":"status-publish","4":"has-post-thumbnail","6":"product_cat-case-opening-packing-and-sealing-machine","7":"product_cat-case-sealer","9":"first","10":"instock","11":"shipping-taxable","12":"product-type-simple"},"_links":{"self":[{"href":"https:\/\/gdhpmachine.com\/fr\/wp-json\/wp\/v2\/product\/4747","targetHints":{"allow":["GET"]}}],"collection":[{"href":"https:\/\/gdhpmachine.com\/fr\/wp-json\/wp\/v2\/product"}],"about":[{"href":"https:\/\/gdhpmachine.com\/fr\/wp-json\/wp\/v2\/types\/product"}],"replies":[{"embeddable":true,"href":"https:\/\/gdhpmachine.com\/fr\/wp-json\/wp\/v2\/comments?post=4747"}],"version-history":[{"count":32,"href":"https:\/\/gdhpmachine.com\/fr\/wp-json\/wp\/v2\/product\/4747\/revisions"}],"predecessor-version":[{"id":5165,"href":"https:\/\/gdhpmachine.com\/fr\/wp-json\/wp\/v2\/product\/4747\/revisions\/5165"}],"wp:featuredmedia":[{"embeddable":true,"href":"https:\/\/gdhpmachine.com\/fr\/wp-json\/wp\/v2\/media\/4753"}],"wp:attachment":[{"href":"https:\/\/gdhpmachine.com\/fr\/wp-json\/wp\/v2\/media?parent=4747"}],"wp:term":[{"taxonomy":"product_brand","embeddable":true,"href":"https:\/\/gdhpmachine.com\/fr\/wp-json\/wp\/v2\/product_brand?post=4747"},{"taxonomy":"product_cat","embeddable":true,"href":"https:\/\/gdhpmachine.com\/fr\/wp-json\/wp\/v2\/product_cat?post=4747"},{"taxonomy":"product_tag","embeddable":true,"href":"https:\/\/gdhpmachine.com\/fr\/wp-json\/wp\/v2\/product_tag?post=4747"}],"curies":[{"name":"wp","href":"https:\/\/api.w.org\/{rel}","templated":true}]}}