{"id":4323,"date":"2026-03-09T08:26:31","date_gmt":"2026-03-09T08:26:31","guid":{"rendered":"https:\/\/gdhpmachine.com\/?post_type=product&#038;p=4323"},"modified":"2026-04-01T06:09:07","modified_gmt":"2026-04-01T06:09:07","slug":"benchtop-antigen-reagent-machine","status":"publish","type":"product","link":"https:\/\/gdhpmachine.com\/fr\/product\/benchtop-antigen-reagent-machine\/","title":{"rendered":"Machine de remplissage et bouchage \u00e0 t\u00eate unique sur table pour r\u00e9actifs antig\u00e9niques destin\u00e9s \u00e0 l\u2019IVD (In Vitro Diagnostic)"},"content":{"rendered":"","protected":false},"excerpt":{"rendered":"<p>La machine de remplissage et bouchage \u00e0 t\u00eate unique sur table pour r\u00e9actifs antig\u00e9niques est compacte et con\u00e7ue pour maximiser l\u2019espace de laboratoire sans compromettre les performances; elle int\u00e8gre un remplissage micro pr\u00e9cis et un bouchage s\u00fbr dans une seule station de travail rationalis\u00e9e. Cette machine est parfaitement optimis\u00e9e pour les petits contenants de laboratoire, y compris les tubes de centrifugeuse, les microtubes PCR et les cryovials \u00e0 bouton.<\/p>","protected":false},"featured_media":4325,"comment_status":"open","ping_status":"closed","template":"","meta":[],"product_brand":[],"product_cat":[165],"product_tag":[],"class_list":{"0":"post-4323","1":"product","2":"type-product","3":"status-publish","4":"has-post-thumbnail","6":"product_cat-filling-and-capping-integrated-machine","8":"first","9":"instock","10":"shipping-taxable","11":"product-type-simple"},"_links":{"self":[{"href":"https:\/\/gdhpmachine.com\/fr\/wp-json\/wp\/v2\/product\/4323","targetHints":{"allow":["GET"]}}],"collection":[{"href":"https:\/\/gdhpmachine.com\/fr\/wp-json\/wp\/v2\/product"}],"about":[{"href":"https:\/\/gdhpmachine.com\/fr\/wp-json\/wp\/v2\/types\/product"}],"replies":[{"embeddable":true,"href":"https:\/\/gdhpmachine.com\/fr\/wp-json\/wp\/v2\/comments?post=4323"}],"version-history":[{"count":46,"href":"https:\/\/gdhpmachine.com\/fr\/wp-json\/wp\/v2\/product\/4323\/revisions"}],"predecessor-version":[{"id":6909,"href":"https:\/\/gdhpmachine.com\/fr\/wp-json\/wp\/v2\/product\/4323\/revisions\/6909"}],"wp:featuredmedia":[{"embeddable":true,"href":"https:\/\/gdhpmachine.com\/fr\/wp-json\/wp\/v2\/media\/4325"}],"wp:attachment":[{"href":"https:\/\/gdhpmachine.com\/fr\/wp-json\/wp\/v2\/media?parent=4323"}],"wp:term":[{"taxonomy":"product_brand","embeddable":true,"href":"https:\/\/gdhpmachine.com\/fr\/wp-json\/wp\/v2\/product_brand?post=4323"},{"taxonomy":"product_cat","embeddable":true,"href":"https:\/\/gdhpmachine.com\/fr\/wp-json\/wp\/v2\/product_cat?post=4323"},{"taxonomy":"product_tag","embeddable":true,"href":"https:\/\/gdhpmachine.com\/fr\/wp-json\/wp\/v2\/product_tag?post=4323"}],"curies":[{"name":"wp","href":"https:\/\/api.w.org\/{rel}","templated":true}]}}