{"id":4159,"date":"2026-03-03T01:46:19","date_gmt":"2026-03-03T01:46:19","guid":{"rendered":"https:\/\/gdhpmachine.com\/?post_type=product&#038;p=4159"},"modified":"2026-03-24T12:55:26","modified_gmt":"2026-03-24T12:55:26","slug":"12-nozzle-linear-filler-fully-automatic-self-flowing-filling-machine","status":"publish","type":"product","link":"https:\/\/gdhpmachine.com\/fr\/product\/12-nozzle-linear-filler-fully-automatic-self-flowing-filling-machine\/","title":{"rendered":"Remplisseur lin\u00e9aire \u00e0 12 buses, gravit\u00e9"},"content":{"rendered":"","protected":false},"excerpt":{"rendered":"<p>Notre <b data-path-to-node=\"4\" data-index-in-node=\"4\">Remplisseur lin\u00e9aire \u00e0 12 buses<\/b> est une solution de pointe, enti\u00e8rement automatique, con\u00e7ue pour les cha\u00eenes de production \u00e0 haut d\u00e9bit. Utilisant un m\u00e9canisme de pr\u00e9cision <b data-path-to-node=\"4\" data-index-in-node=\"143\">auto-flux (gravit\u00e9\/flux temporel)<\/b>, cette machine est sp\u00e9cialement con\u00e7ue pour manipuler des liquides fins et auto-\u00e9quilibrants avec une pr\u00e9cision et une vitesse in\u00e9gal\u00e9es.<\/p>","protected":false},"featured_media":4160,"comment_status":"open","ping_status":"closed","template":"","meta":[],"product_brand":[],"product_cat":[78,86,87],"product_tag":[],"class_list":{"0":"post-4159","1":"product","2":"type-product","3":"status-publish","4":"has-post-thumbnail","6":"product_cat-filling-machines","7":"product_cat-fully-automatic-filling-machine","8":"product_cat-fully-automatic-linear-filling-machine","10":"first","11":"instock","12":"shipping-taxable","13":"product-type-simple"},"_links":{"self":[{"href":"https:\/\/gdhpmachine.com\/fr\/wp-json\/wp\/v2\/product\/4159","targetHints":{"allow":["GET"]}}],"collection":[{"href":"https:\/\/gdhpmachine.com\/fr\/wp-json\/wp\/v2\/product"}],"about":[{"href":"https:\/\/gdhpmachine.com\/fr\/wp-json\/wp\/v2\/types\/product"}],"replies":[{"embeddable":true,"href":"https:\/\/gdhpmachine.com\/fr\/wp-json\/wp\/v2\/comments?post=4159"}],"version-history":[{"count":35,"href":"https:\/\/gdhpmachine.com\/fr\/wp-json\/wp\/v2\/product\/4159\/revisions"}],"predecessor-version":[{"id":5002,"href":"https:\/\/gdhpmachine.com\/fr\/wp-json\/wp\/v2\/product\/4159\/revisions\/5002"}],"wp:featuredmedia":[{"embeddable":true,"href":"https:\/\/gdhpmachine.com\/fr\/wp-json\/wp\/v2\/media\/4160"}],"wp:attachment":[{"href":"https:\/\/gdhpmachine.com\/fr\/wp-json\/wp\/v2\/media?parent=4159"}],"wp:term":[{"taxonomy":"product_brand","embeddable":true,"href":"https:\/\/gdhpmachine.com\/fr\/wp-json\/wp\/v2\/product_brand?post=4159"},{"taxonomy":"product_cat","embeddable":true,"href":"https:\/\/gdhpmachine.com\/fr\/wp-json\/wp\/v2\/product_cat?post=4159"},{"taxonomy":"product_tag","embeddable":true,"href":"https:\/\/gdhpmachine.com\/fr\/wp-json\/wp\/v2\/product_tag?post=4159"}],"curies":[{"name":"wp","href":"https:\/\/api.w.org\/{rel}","templated":true}]}}