{"id":3830,"date":"2026-02-27T08:09:02","date_gmt":"2026-02-27T08:09:02","guid":{"rendered":"https:\/\/gdhpmachine.com\/?post_type=product&#038;p=3830"},"modified":"2026-03-24T12:55:40","modified_gmt":"2026-03-24T12:55:40","slug":"automatic-liquid-film-pouch-packaging-machine","status":"publish","type":"product","link":"https:\/\/gdhpmachine.com\/fr\/product\/automatic-liquid-film-pouch-packaging-machine\/","title":{"rendered":"Machine d'emballage sous film liquide automatique"},"content":{"rendered":"","protected":false},"excerpt":{"rendered":"<p>Rationalisez votre production avec notre Machine automatique d'emballage sous film liquide \u00e0 haute efficacit\u00e9. Con\u00e7ue pour la polyvalence et la pr\u00e9cision, cette machine utilise une technologie avanc\u00e9e d'emballage par films pour former, remplir et sceller des sachets liquides en toute simplicit\u00e9. Compatible avec des capacit\u00e9s d'emballage ajustables de 50 ml \u00e0 550 ml, ce qui en fait une solution id\u00e9ale pour diff\u00e9rentes tailles de portions. Garantie un remplissage pr\u00e9cis et un scellement herm\u00e9tique pour maintenir la fra\u00eecheur et l'hygi\u00e8ne du produit.<\/p>","protected":false},"featured_media":3817,"comment_status":"open","ping_status":"closed","template":"","meta":[],"product_brand":[],"product_cat":[144,150],"product_tag":[],"class_list":{"0":"post-3830","1":"product","2":"type-product","3":"status-publish","4":"has-post-thumbnail","6":"product_cat-packaging-machine","7":"product_cat-film-pouch-packaging-machine","9":"first","10":"instock","11":"shipping-taxable","12":"product-type-simple"},"_links":{"self":[{"href":"https:\/\/gdhpmachine.com\/fr\/wp-json\/wp\/v2\/product\/3830","targetHints":{"allow":["GET"]}}],"collection":[{"href":"https:\/\/gdhpmachine.com\/fr\/wp-json\/wp\/v2\/product"}],"about":[{"href":"https:\/\/gdhpmachine.com\/fr\/wp-json\/wp\/v2\/types\/product"}],"replies":[{"embeddable":true,"href":"https:\/\/gdhpmachine.com\/fr\/wp-json\/wp\/v2\/comments?post=3830"}],"version-history":[{"count":77,"href":"https:\/\/gdhpmachine.com\/fr\/wp-json\/wp\/v2\/product\/3830\/revisions"}],"predecessor-version":[{"id":5003,"href":"https:\/\/gdhpmachine.com\/fr\/wp-json\/wp\/v2\/product\/3830\/revisions\/5003"}],"wp:featuredmedia":[{"embeddable":true,"href":"https:\/\/gdhpmachine.com\/fr\/wp-json\/wp\/v2\/media\/3817"}],"wp:attachment":[{"href":"https:\/\/gdhpmachine.com\/fr\/wp-json\/wp\/v2\/media?parent=3830"}],"wp:term":[{"taxonomy":"product_brand","embeddable":true,"href":"https:\/\/gdhpmachine.com\/fr\/wp-json\/wp\/v2\/product_brand?post=3830"},{"taxonomy":"product_cat","embeddable":true,"href":"https:\/\/gdhpmachine.com\/fr\/wp-json\/wp\/v2\/product_cat?post=3830"},{"taxonomy":"product_tag","embeddable":true,"href":"https:\/\/gdhpmachine.com\/fr\/wp-json\/wp\/v2\/product_tag?post=3830"}],"curies":[{"name":"wp","href":"https:\/\/api.w.org\/{rel}","templated":true}]}}