{"id":3555,"date":"2026-02-06T08:35:27","date_gmt":"2026-02-06T08:35:27","guid":{"rendered":"https:\/\/gdhpmachine.com\/?post_type=product&#038;p=3555"},"modified":"2026-03-24T12:56:05","modified_gmt":"2026-03-24T12:56:05","slug":"4-head-laundry-detergent-filling-production-line","status":"publish","type":"product","link":"https:\/\/gdhpmachine.com\/fr\/product\/4-head-laundry-detergent-filling-production-line\/","title":{"rendered":"Ligne de remplissage enti\u00e8rement automatique \u00e0 4 t\u00eates pour lessive"},"content":{"rendered":"","protected":false},"excerpt":{"rendered":"<p>Cette ligne de production est une solution int\u00e9gr\u00e9e sp\u00e9cialement con\u00e7ue pour les liquides \u00e0 haute viscosit\u00e9, capable de r\u00e9aliser un processus enti\u00e8rement automatis\u00e9 depuis l\u2019alimentation automatique des bouteilles, le remplissage de pr\u00e9cision, le capuchonnage, l\u2019\u00e9tiquetage jusqu\u2019au conditionnement en bo\u00eetes. En utilisant une technologie de remplissage par piston de haute pr\u00e9cision, elle garantit que l\u2019erreur de chaque bouteille de d\u00e9tergent est contr\u00f4l\u00e9e dans les 1% du volume sp\u00e9cifi\u00e9, r\u00e9solvant efficacement les probl\u00e8mes de mousse d\u00e9bordante et de gouttage.<\/p>","protected":false},"featured_media":3557,"comment_status":"closed","ping_status":"closed","template":"","meta":[],"product_brand":[],"product_cat":[151,153],"product_tag":[],"class_list":{"0":"post-3555","1":"product","2":"type-product","3":"status-publish","4":"has-post-thumbnail","6":"product_cat-full-automatic-filling-production-line","7":"product_cat-liquid-filling-production-line","9":"first","10":"instock","11":"shipping-taxable","12":"product-type-simple"},"_links":{"self":[{"href":"https:\/\/gdhpmachine.com\/fr\/wp-json\/wp\/v2\/product\/3555","targetHints":{"allow":["GET"]}}],"collection":[{"href":"https:\/\/gdhpmachine.com\/fr\/wp-json\/wp\/v2\/product"}],"about":[{"href":"https:\/\/gdhpmachine.com\/fr\/wp-json\/wp\/v2\/types\/product"}],"replies":[{"embeddable":true,"href":"https:\/\/gdhpmachine.com\/fr\/wp-json\/wp\/v2\/comments?post=3555"}],"version-history":[{"count":95,"href":"https:\/\/gdhpmachine.com\/fr\/wp-json\/wp\/v2\/product\/3555\/revisions"}],"predecessor-version":[{"id":5004,"href":"https:\/\/gdhpmachine.com\/fr\/wp-json\/wp\/v2\/product\/3555\/revisions\/5004"}],"wp:featuredmedia":[{"embeddable":true,"href":"https:\/\/gdhpmachine.com\/fr\/wp-json\/wp\/v2\/media\/3557"}],"wp:attachment":[{"href":"https:\/\/gdhpmachine.com\/fr\/wp-json\/wp\/v2\/media?parent=3555"}],"wp:term":[{"taxonomy":"product_brand","embeddable":true,"href":"https:\/\/gdhpmachine.com\/fr\/wp-json\/wp\/v2\/product_brand?post=3555"},{"taxonomy":"product_cat","embeddable":true,"href":"https:\/\/gdhpmachine.com\/fr\/wp-json\/wp\/v2\/product_cat?post=3555"},{"taxonomy":"product_tag","embeddable":true,"href":"https:\/\/gdhpmachine.com\/fr\/wp-json\/wp\/v2\/product_tag?post=3555"}],"curies":[{"name":"wp","href":"https:\/\/api.w.org\/{rel}","templated":true}]}}